{"id":1182,"date":"2022-11-28T16:57:58","date_gmt":"2022-11-28T19:57:58","guid":{"rendered":"https:\/\/rwd-international.com.br\/politica-de-privacidad\/"},"modified":"2023-11-14T10:09:35","modified_gmt":"2023-11-14T13:09:35","slug":"politica-de-privacidad","status":"publish","type":"page","link":"https:\/\/rwd-international.com.br\/es\/politica-de-privacidad\/","title":{"rendered":"Pol\u00edtica de privacidad"},"content":{"rendered":"\n<p><strong>SECCI\u00d3N 1 &#8211; INFORMACI\u00d3N GENERAL<\/strong><\/p>\n\n\n\n<p><strong>Esta Pol\u00edtica de Privacidad contiene informaci\u00f3n sobre la recopilaci\u00f3n, uso, almacenamiento, procesamiento y protecci\u00f3n de datos personales de los usuarios y visitantes del sitio web de RWD International, con el prop\u00f3sito de demostrar absoluta transparencia sobre el tema y aclarar a todos los interesados \u200b\u200bsobre los tipos de datos que se recopila, los motivos de la recopilaci\u00f3n y c\u00f3mo los usuarios pueden administrar o eliminar su informaci\u00f3n personal.<\/strong><\/p>\n\n\n\n<p><strong>Esta Pol\u00edtica de Privacidad se aplica a todos los usuarios y visitantes del sitio web de RWD International e integra los T\u00e9rminos y Condiciones Generales de Uso del sitio web de RWD International, debidamente registrado en el CNPJ con el n\u00famero 12.438.234\/0001-02 ubicado en Rua Nossa Senhora da Concei\u00e7\u00e3o. 125\/208 \u2013 Centro \u2013 Sapucaia do Sul\/RS, en adelante RWD.<\/strong><\/p>\n\n\n\n<p><strong>Este documento fue elaborado de acuerdo con la Ley General de Protecci\u00f3n de Datos Personales (Ley 13.709\/18), el Marco Civil da Internet (Ley 12.965\/14) (y el Reglamento UE N\u00b0 2016\/6790). Adem\u00e1s, el documento podr\u00e1 sufrir actualizaciones como consecuencia de cualquier actualizaci\u00f3n normativa, por lo que se invita al usuario a consultar peri\u00f3dicamente este apartado.<\/strong><\/p>\n\n\n\n<p><strong>SECCI\u00d3N 2 &#8211; \u00bfC\u00d3MO RECOPILAMOS DATOS PERSONALES DE USUARIOS Y VISITANTES?<\/strong><\/p>\n\n\n\n<p><strong>Los datos personales de los usuarios y visitantes son recopilados por la plataforma de la siguiente manera:<\/strong><\/p>\n\n\n\n<p><strong>Cuando el usuario ingresa su correo electr\u00f3nico y n\u00famero de tel\u00e9fono en la p\u00e1gina de contacto: estos datos se utilizan para devolver los mensajes de los clientes.<\/strong><\/p>\n\n\n\n<p><strong>SECCI\u00d3N 3 &#8211; \u00bfQU\u00c9 DATOS PERSONALES RECOGEMOS SOBRE EL USUARIO Y VISITANTE?<\/strong><\/p>\n\n\n\n<p><strong>Email, tel\u00e9fono y nombre de usuario rellenando la p\u00e1gina de contacto.<\/strong><\/p>\n\n\n\n<p><strong>SECCI\u00d3N 3 &#8211; \u00bfPARA QU\u00c9 FINES UTILIZAMOS LOS DATOS PERSONALES DE USUARIOS Y VISITANTES?<\/strong><\/p>\n\n\n\n<p><strong>Los datos personales del usuario recopilados y almacenados por la plataforma RWD tienen como objetivo devolver los mensajes de los clientes.<\/strong><\/p>\n\n\n\n<p><strong>El tratamiento de datos personales con finalidades no previstas en esta Pol\u00edtica de Privacidad s\u00f3lo se producir\u00e1 previa comunicaci\u00f3n al usuario, por lo que los derechos y obligaciones aqu\u00ed establecidos siguen siendo aplicables.<\/strong><\/p>\n\n\n\n<p><strong>SECCI\u00d3N 4 &#8211; \u00bfCU\u00c1NTO TIEMPO SE ALMACENAN LOS DATOS PERSONALES?<\/strong><\/p>\n\n\n\n<p><strong>Los datos personales del usuario y visitante son conservados por la plataforma durante el per\u00edodo necesario para prestar el servicio o cumplir con las finalidades previstas en este documento, de conformidad con lo dispuesto en el inciso I del art\u00edculo 15 de la Ley 13.709\/18.<\/strong><\/p>\n\n\n\n<p><strong>Los datos podr\u00e1n ser eliminados o anonimizados a petici\u00f3n del usuario, salvo en los casos en que la ley prevea otro tratamiento.<\/strong><\/p>\n\n\n\n<p><strong>Adem\u00e1s, los datos personales de los usuarios s\u00f3lo podr\u00e1n conservarse una vez finalizado su tratamiento en los siguientes supuestos previstos en el art\u00edculo 16 de la citada ley:<\/strong><\/p>\n\n\n\n<p><strong>I &#8211; cumplimiento de obligaciones legales o reglamentarias por parte del responsable del tratamiento;<\/strong><\/p>\n\n\n\n<p><strong>II &#8211; estudio por organismo de investigaci\u00f3n, garantizando, siempre que sea posible, la anonimizaci\u00f3n de los datos personales;<\/strong><\/p>\n\n\n\n<p><strong>III &#8211; uso exclusivo del responsable, prohibido el acceso a terceros y siempre que los datos sean anonimizados.<\/strong><\/p>\n\n\n\n<p><strong>SECCI\u00d3N 5 &#8211; SEGURIDAD DE LOS DATOS PERSONALES ALMACENADOS<\/strong><\/p>\n\n\n\n<p><strong>La plataforma se compromete a aplicar medidas t\u00e9cnicas y organizativas capaces de proteger los datos personales de accesos no autorizados y situaciones de destrucci\u00f3n, p\u00e9rdida, alteraci\u00f3n, comunicaci\u00f3n o difusi\u00f3n de dichos datos.<\/strong><\/p>\n\n\n\n<p><strong>La plataforma no queda exenta de responsabilidad por culpa exclusiva de un tercero, como en el caso de un ataque de hacker o cracker, o por culpa exclusiva del usuario, como en el caso en el que \u00e9l mismo transfiere sus datos a terceros. El sitio web se compromete a informar al usuario en caso de cualquier violaci\u00f3n de la seguridad de sus datos personales.<\/strong><\/p>\n\n\n\n<p><strong>Los datos personales almacenados se tratan de forma confidencial, dentro de los l\u00edmites legales. Sin embargo, podemos divulgar su informaci\u00f3n personal si la ley nos exige hacerlo o si usted viola nuestros T\u00e9rminos de servicio.<\/strong><\/p>\n\n\n\n<p><strong>SECCI\u00d3N 6 &#8211; INTERCAMBIO DE DATOS<\/strong><\/p>\n\n\n\n<p><strong>RWD no compartir\u00e1 datos de clientes excepto para:<\/strong><\/p>\n\n\n\n<p><strong>I \u2013 Determinaci\u00f3n judicial, solicitud, requisici\u00f3n u orden judicial, ante autoridades judiciales, administrativas o gubernamentales competentes.<\/strong><\/p>\n\n\n\n<p><strong>II \u2013 Caso de operaciones societarias, como fusi\u00f3n, adquisici\u00f3n e incorporaci\u00f3n, de oficio<\/strong><\/p>\n\n\n\n<p><strong>III \u2013 Protecci\u00f3n de los derechos de los RWD en cualquier tipo de conflicto, incluidos los de car\u00e1cter judicial.<\/strong><\/p>\n\n\n\n<p><strong>SECCI\u00d3N 6 &#8211; \u00bfSE TRANSFERIR\u00c1N LOS DATOS PERSONALES ALMACENADOS A TERCEROS?<\/strong><\/p>\n\n\n\n<p><strong>Los terceros indicados reciben datos en la medida necesaria para permitirles realizar los servicios contratados.<\/strong><\/p>\n\n\n\n<p><strong>Respecto a terceros proveedores de servicios como procesadores de transacciones de pago, le informamos que cada uno tiene su propia pol\u00edtica de privacidad. Por lo tanto, recomendamos leer sus pol\u00edticas de privacidad para comprender qu\u00e9 informaci\u00f3n personal ser\u00e1 utilizada por estos proveedores.<\/strong><\/p>\n\n\n\n<p><strong>Los proveedores pueden estar ubicados o tener instalaciones ubicadas en diferentes pa\u00edses. Bajo estas condiciones, los datos personales transferidos pueden quedar sujetos a las leyes de las jurisdicciones en las que se encuentre el proveedor o sus instalaciones.<\/strong><\/p>\n","protected":false},"excerpt":{"rendered":"<p>SECCI\u00d3N 1 &#8211; INFORMACI\u00d3N GENERAL Esta Pol\u00edtica de Privacidad contiene informaci\u00f3n sobre la recopilaci\u00f3n, uso, almacenamiento, procesamiento y protecci\u00f3n de datos personales de los usuarios y visitantes del sitio web de RWD International, con el prop\u00f3sito de demostrar absoluta transparencia sobre el tema y aclarar a todos los interesados \u200b\u200bsobre los tipos de datos que [&hellip;]<\/p>\n","protected":false},"author":1,"featured_media":0,"parent":0,"menu_order":0,"comment_status":"closed","ping_status":"open","template":"","meta":{"_acf_changed":false,"_joinchat":[],"footnotes":""},"class_list":["post-1182","page","type-page","status-publish","hentry"],"acf":[],"_links":{"self":[{"href":"https:\/\/rwd-international.com.br\/es\/wp-json\/wp\/v2\/pages\/1182","targetHints":{"allow":["GET"]}}],"collection":[{"href":"https:\/\/rwd-international.com.br\/es\/wp-json\/wp\/v2\/pages"}],"about":[{"href":"https:\/\/rwd-international.com.br\/es\/wp-json\/wp\/v2\/types\/page"}],"author":[{"embeddable":true,"href":"https:\/\/rwd-international.com.br\/es\/wp-json\/wp\/v2\/users\/1"}],"replies":[{"embeddable":true,"href":"https:\/\/rwd-international.com.br\/es\/wp-json\/wp\/v2\/comments?post=1182"}],"version-history":[{"count":3,"href":"https:\/\/rwd-international.com.br\/es\/wp-json\/wp\/v2\/pages\/1182\/revisions"}],"predecessor-version":[{"id":1332,"href":"https:\/\/rwd-international.com.br\/es\/wp-json\/wp\/v2\/pages\/1182\/revisions\/1332"}],"wp:attachment":[{"href":"https:\/\/rwd-international.com.br\/es\/wp-json\/wp\/v2\/media?parent=1182"}],"curies":[{"name":"wp","href":"https:\/\/api.w.org\/{rel}","templated":true}]}}